{"id":5256,"date":"2023-10-04T07:37:16","date_gmt":"2023-10-04T07:37:16","guid":{"rendered":"https:\/\/www.lafrench-skischool.com\/?page_id=5256"},"modified":"2025-05-24T14:18:58","modified_gmt":"2025-05-24T14:18:58","slug":"partenaires","status":"publish","type":"page","link":"https:\/\/www.lafrench-skischool.com\/en\/partenaires\/","title":{"rendered":"PARTNERSHIPS"},"content":{"rendered":"<div data-elementor-type=\"wp-page\" data-elementor-id=\"5256\" class=\"elementor elementor-5256\">\n\t\t\t\t<div class=\"elementor-element elementor-element-cf5fec3 e-flex e-con-boxed qodef-elementor-content-no e-con e-parent\" data-id=\"cf5fec3\" data-element_type=\"container\">\n\t\t\t\t\t<div class=\"e-con-inner\">\n\t\t\t\t<div class=\"elementor-element elementor-element-c457903 elementor-widget elementor-widget-heading\" data-id=\"c457903\" data-element_type=\"widget\" data-widget_type=\"heading.default\">\n\t\t\t\t<div class=\"elementor-widget-container\">\n\t\t\t\t\t<h2 class=\"elementor-heading-title elementor-size-default\">Our<\/h2>\t\t\t\t<\/div>\n\t\t\t\t<\/div>\n\t\t\t\t\t<\/div>\n\t\t\t\t<\/div>\n\t\t<div class=\"elementor-element elementor-element-1fd1388 e-flex e-con-boxed qodef-elementor-content-no e-con e-parent\" data-id=\"1fd1388\" data-element_type=\"container\">\n\t\t\t\t\t<div class=\"e-con-inner\">\n\t\t\t\t<div class=\"elementor-element elementor-element-740f17a elementor-widget elementor-widget-heading\" data-id=\"740f17a\" data-element_type=\"widget\" data-widget_type=\"heading.default\">\n\t\t\t\t<div class=\"elementor-widget-container\">\n\t\t\t\t\t<h2 class=\"elementor-heading-title elementor-size-default\">Partners<\/h2>\t\t\t\t<\/div>\n\t\t\t\t<\/div>\n\t\t\t\t\t<\/div>\n\t\t\t\t<\/div>\n\t\t\t\t<section class=\"elementor-section elementor-top-section elementor-element elementor-element-fdac58c qodef-elementor-content-grid elementor-section-content-middle elementor-section-boxed elementor-section-height-default elementor-section-height-default\" data-id=\"fdac58c\" data-element_type=\"section\">\n\t\t\t\t\t\t<div class=\"elementor-container elementor-column-gap-default\">\n\t\t\t\t\t<div class=\"elementor-column elementor-col-20 elementor-top-column elementor-element elementor-element-ee7aeba qodef-sticky-column--no\" data-id=\"ee7aeba\" data-element_type=\"column\">\n\t\t\t<div class=\"elementor-widget-wrap elementor-element-populated\">\n\t\t\t\t\t\t<div class=\"elementor-element elementor-element-ebb7ac1 elementor-widget__width-initial elementor-widget elementor-widget-image\" data-id=\"ebb7ac1\" data-element_type=\"widget\" data-widget_type=\"image.default\">\n\t\t\t\t<div class=\"elementor-widget-container\">\n\t\t\t\t\t\t\t\t\t\t\t\t\t\t\t\t<a href=\"http:\/\/atelier-courchevel.com\">\n\t\t\t\t\t\t\t<img fetchpriority=\"high\" decoding=\"async\" width=\"247\" height=\"247\" src=\"https:\/\/www.lafrench-skischool.com\/wp-content\/uploads\/2023\/09\/latelier-courchevel.png\" class=\"attachment-large size-large wp-image-4888\" alt=\"\" srcset=\"https:\/\/www.lafrench-skischool.com\/wp-content\/uploads\/2023\/09\/latelier-courchevel.png 247w, https:\/\/www.lafrench-skischool.com\/wp-content\/uploads\/2023\/09\/latelier-courchevel-150x150.png 150w\" sizes=\"(max-width: 247px) 100vw, 247px\" \/>\t\t\t\t\t\t\t\t<\/a>\n\t\t\t\t\t\t\t\t\t\t\t\t\t\t\t<\/div>\n\t\t\t\t<\/div>\n\t\t\t\t\t<\/div>\n\t\t<\/div>\n\t\t\t\t<div class=\"elementor-column elementor-col-20 elementor-top-column elementor-element elementor-element-0463577 qodef-sticky-column--no\" data-id=\"0463577\" data-element_type=\"column\">\n\t\t\t<div class=\"elementor-widget-wrap elementor-element-populated\">\n\t\t\t\t\t\t<div class=\"elementor-element elementor-element-a07925c elementor-widget__width-initial elementor-widget elementor-widget-image\" data-id=\"a07925c\" data-element_type=\"widget\" data-widget_type=\"image.default\">\n\t\t\t\t<div class=\"elementor-widget-container\">\n\t\t\t\t\t\t\t\t\t\t\t\t\t\t\t\t<a href=\"https:\/\/www.pocsports.com\/fr\/collections\/snow\">\n\t\t\t\t\t\t\t<img decoding=\"async\" width=\"247\" height=\"247\" src=\"https:\/\/www.lafrench-skischool.com\/wp-content\/uploads\/2023\/09\/poc-logo.png\" class=\"attachment-large size-large wp-image-4889\" alt=\"\" srcset=\"https:\/\/www.lafrench-skischool.com\/wp-content\/uploads\/2023\/09\/poc-logo.png 247w, https:\/\/www.lafrench-skischool.com\/wp-content\/uploads\/2023\/09\/poc-logo-150x150.png 150w\" sizes=\"(max-width: 247px) 100vw, 247px\" \/>\t\t\t\t\t\t\t\t<\/a>\n\t\t\t\t\t\t\t\t\t\t\t\t\t\t\t<\/div>\n\t\t\t\t<\/div>\n\t\t\t\t\t<\/div>\n\t\t<\/div>\n\t\t\t\t<div class=\"elementor-column elementor-col-20 elementor-top-column elementor-element elementor-element-9cf4b09 qodef-sticky-column--no\" data-id=\"9cf4b09\" data-element_type=\"column\">\n\t\t\t<div class=\"elementor-widget-wrap elementor-element-populated\">\n\t\t\t\t\t\t<div class=\"elementor-element elementor-element-d8633e0 elementor-widget__width-initial elementor-widget elementor-widget-image\" data-id=\"d8633e0\" data-element_type=\"widget\" data-widget_type=\"image.default\">\n\t\t\t\t<div class=\"elementor-widget-container\">\n\t\t\t\t\t\t\t\t\t\t\t\t\t\t\t\t<a href=\"https:\/\/www.azza-services.com\">\n\t\t\t\t\t\t\t<img decoding=\"async\" width=\"247\" height=\"247\" src=\"https:\/\/www.lafrench-skischool.com\/wp-content\/uploads\/2023\/12\/azza.png\" class=\"attachment-full size-full wp-image-5690\" alt=\"\" srcset=\"https:\/\/www.lafrench-skischool.com\/wp-content\/uploads\/2023\/12\/azza.png 247w, https:\/\/www.lafrench-skischool.com\/wp-content\/uploads\/2023\/12\/azza-150x150.png 150w, https:\/\/www.lafrench-skischool.com\/wp-content\/uploads\/2023\/12\/azza-12x12.png 12w\" sizes=\"(max-width: 247px) 100vw, 247px\" \/>\t\t\t\t\t\t\t\t<\/a>\n\t\t\t\t\t\t\t\t\t\t\t\t\t\t\t<\/div>\n\t\t\t\t<\/div>\n\t\t\t\t\t<\/div>\n\t\t<\/div>\n\t\t\t\t<div class=\"elementor-column elementor-col-20 elementor-top-column elementor-element elementor-element-d78a583 qodef-sticky-column--no\" data-id=\"d78a583\" data-element_type=\"column\">\n\t\t\t<div class=\"elementor-widget-wrap elementor-element-populated\">\n\t\t\t\t\t\t<div class=\"elementor-element elementor-element-1120130 elementor-widget__width-initial elementor-widget elementor-widget-image\" data-id=\"1120130\" data-element_type=\"widget\" data-widget_type=\"image.default\">\n\t\t\t\t<div class=\"elementor-widget-container\">\n\t\t\t\t\t\t\t\t\t\t\t\t\t\t\t\t<a href=\"https:\/\/www.atomic.com\/fr-fr\">\n\t\t\t\t\t\t\t<img loading=\"lazy\" decoding=\"async\" width=\"247\" height=\"247\" src=\"https:\/\/www.lafrench-skischool.com\/wp-content\/uploads\/2023\/09\/atomic.png\" class=\"attachment-large size-large wp-image-4890\" alt=\"\" srcset=\"https:\/\/www.lafrench-skischool.com\/wp-content\/uploads\/2023\/09\/atomic.png 247w, https:\/\/www.lafrench-skischool.com\/wp-content\/uploads\/2023\/09\/atomic-150x150.png 150w\" sizes=\"(max-width: 247px) 100vw, 247px\" \/>\t\t\t\t\t\t\t\t<\/a>\n\t\t\t\t\t\t\t\t\t\t\t\t\t\t\t<\/div>\n\t\t\t\t<\/div>\n\t\t\t\t\t<\/div>\n\t\t<\/div>\n\t\t\t\t<div class=\"elementor-column elementor-col-20 elementor-top-column elementor-element elementor-element-3ae5920 qodef-sticky-column--no\" data-id=\"3ae5920\" data-element_type=\"column\">\n\t\t\t<div class=\"elementor-widget-wrap elementor-element-populated\">\n\t\t\t\t\t\t<div class=\"elementor-element elementor-element-c42dc47 elementor-widget__width-initial elementor-widget elementor-widget-image\" data-id=\"c42dc47\" data-element_type=\"widget\" data-widget_type=\"image.default\">\n\t\t\t\t<div class=\"elementor-widget-container\">\n\t\t\t\t\t\t\t\t\t\t\t\t\t\t\t\t<a href=\"https:\/\/www.one-more.info\/en\/shop\">\n\t\t\t\t\t\t\t<img loading=\"lazy\" decoding=\"async\" width=\"247\" height=\"247\" src=\"https:\/\/www.lafrench-skischool.com\/wp-content\/uploads\/2023\/09\/logo-one-more.png\" class=\"attachment-large size-large wp-image-4903\" alt=\"\" srcset=\"https:\/\/www.lafrench-skischool.com\/wp-content\/uploads\/2023\/09\/logo-one-more.png 247w, https:\/\/www.lafrench-skischool.com\/wp-content\/uploads\/2023\/09\/logo-one-more-150x150.png 150w\" sizes=\"(max-width: 247px) 100vw, 247px\" \/>\t\t\t\t\t\t\t\t<\/a>\n\t\t\t\t\t\t\t\t\t\t\t\t\t\t\t<\/div>\n\t\t\t\t<\/div>\n\t\t\t\t\t<\/div>\n\t\t<\/div>\n\t\t\t\t\t<\/div>\n\t\t<\/section>\n\t\t<div class=\"elementor-element elementor-element-6645ede e-con-full e-flex qodef-elementor-content-no e-con e-parent\" data-id=\"6645ede\" data-element_type=\"container\">\n\t\t<div class=\"elementor-element elementor-element-49dbfa9 e-flex e-con-boxed qodef-elementor-content-no e-con e-child\" data-id=\"49dbfa9\" data-element_type=\"container\">\n\t\t\t\t\t<div class=\"e-con-inner\">\n\t\t\t\t<div class=\"elementor-element elementor-element-618ce6a elementor-widget elementor-widget-text-editor\" data-id=\"618ce6a\" data-element_type=\"widget\" data-widget_type=\"text-editor.default\">\n\t\t\t\t<div class=\"elementor-widget-container\">\n\t\t\t\t\t\t\t\t\t<p>\u00a9 2023 LA FRENCH SKI SCHOOL, site r\u00e9alis\u00e9 par <a href=\"https:\/\/lenec-studio.com\/\">LE NEC STUDIO<\/a>, All Rights Reserved, Mentions l\u00e9gales RGPD<\/p>\t\t\t\t\t\t\t\t<\/div>\n\t\t\t\t<\/div>\n\t\t\t\t\t<\/div>\n\t\t\t\t<\/div>\n\t\t\t\t<\/div>\n\t\t\t\t<\/div>","protected":false},"excerpt":{"rendered":"<p>Nos Partenaires \u00a9 2023 LA FRENCH SKI SCHOOL, site r\u00e9alis\u00e9 par LE NEC STUDIO, All Rights Reserved, Mentions l\u00e9gales RGPD<\/p>","protected":false},"author":1,"featured_media":0,"parent":0,"menu_order":0,"comment_status":"closed","ping_status":"closed","template":"qi-full-width.php","meta":{"footnotes":""},"class_list":["post-5256","page","type-page","status-publish","hentry"],"yoast_head":"<!-- This site is optimized with the Yoast SEO plugin v25.1 - https:\/\/yoast.com\/wordpress\/plugins\/seo\/ -->\n<title>PARTENAIRES - LA FRENCH<\/title>\n<meta name=\"description\" content=\"\u00c9cole de ski \u00e0 Courchevel : cours priv\u00e9s, moniteurs experts, service exclusif sur mesure. D\u00e9couvrez la French Ski School !\" \/>\n<meta name=\"robots\" content=\"index, follow, max-snippet:-1, max-image-preview:large, max-video-preview:-1\" \/>\n<link rel=\"canonical\" href=\"https:\/\/www.lafrench-skischool.com\/en\/partenaires\/\" \/>\n<meta property=\"og:locale\" content=\"en_GB\" \/>\n<meta property=\"og:type\" content=\"article\" \/>\n<meta property=\"og:title\" content=\"PARTENAIRES - LA FRENCH\" \/>\n<meta property=\"og:description\" content=\"\u00c9cole de ski \u00e0 Courchevel : cours priv\u00e9s, moniteurs experts, service exclusif sur mesure. D\u00e9couvrez la French Ski School !\" \/>\n<meta property=\"og:url\" content=\"https:\/\/www.lafrench-skischool.com\/en\/partenaires\/\" \/>\n<meta property=\"og:site_name\" content=\"LA FRENCH\" \/>\n<meta property=\"article:modified_time\" content=\"2025-05-24T14:18:58+00:00\" \/>\n<meta property=\"og:image\" content=\"https:\/\/www.lafrench-skischool.com\/wp-content\/uploads\/2023\/09\/latelier-courchevel.png\" \/>\n<meta name=\"twitter:card\" content=\"summary_large_image\" \/>\n<meta name=\"twitter:label1\" content=\"Estimated reading time\" \/>\n\t<meta name=\"twitter:data1\" content=\"2 minutes\" \/>\n<script type=\"application\/ld+json\" class=\"yoast-schema-graph\">{\"@context\":\"https:\/\/schema.org\",\"@graph\":[{\"@type\":\"WebPage\",\"@id\":\"https:\/\/www.lafrench-skischool.com\/partenaires\/\",\"url\":\"https:\/\/www.lafrench-skischool.com\/partenaires\/\",\"name\":\"PARTENAIRES - LA FRENCH\",\"isPartOf\":{\"@id\":\"https:\/\/www.lafrench-skischool.com\/#website\"},\"primaryImageOfPage\":{\"@id\":\"https:\/\/www.lafrench-skischool.com\/partenaires\/#primaryimage\"},\"image\":{\"@id\":\"https:\/\/www.lafrench-skischool.com\/partenaires\/#primaryimage\"},\"thumbnailUrl\":\"https:\/\/www.lafrench-skischool.com\/wp-content\/uploads\/2023\/09\/latelier-courchevel.png\",\"datePublished\":\"2023-10-04T07:37:16+00:00\",\"dateModified\":\"2025-05-24T14:18:58+00:00\",\"description\":\"\u00c9cole de ski \u00e0 Courchevel : cours priv\u00e9s, moniteurs experts, service exclusif sur mesure. D\u00e9couvrez la French Ski School !\",\"breadcrumb\":{\"@id\":\"https:\/\/www.lafrench-skischool.com\/partenaires\/#breadcrumb\"},\"inLanguage\":\"en-GB\",\"potentialAction\":[{\"@type\":\"ReadAction\",\"target\":[\"https:\/\/www.lafrench-skischool.com\/partenaires\/\"]}]},{\"@type\":\"ImageObject\",\"inLanguage\":\"en-GB\",\"@id\":\"https:\/\/www.lafrench-skischool.com\/partenaires\/#primaryimage\",\"url\":\"https:\/\/www.lafrench-skischool.com\/wp-content\/uploads\/2023\/09\/latelier-courchevel.png\",\"contentUrl\":\"https:\/\/www.lafrench-skischool.com\/wp-content\/uploads\/2023\/09\/latelier-courchevel.png\"},{\"@type\":\"BreadcrumbList\",\"@id\":\"https:\/\/www.lafrench-skischool.com\/partenaires\/#breadcrumb\",\"itemListElement\":[{\"@type\":\"ListItem\",\"position\":1,\"name\":\"Accueil\",\"item\":\"https:\/\/www.lafrench-skischool.com\/\"},{\"@type\":\"ListItem\",\"position\":2,\"name\":\"PARTENAIRES\"}]},{\"@type\":\"WebSite\",\"@id\":\"https:\/\/www.lafrench-skischool.com\/#website\",\"url\":\"https:\/\/www.lafrench-skischool.com\/\",\"name\":\"LA FRENCH\",\"description\":\"Ski School\",\"potentialAction\":[{\"@type\":\"SearchAction\",\"target\":{\"@type\":\"EntryPoint\",\"urlTemplate\":\"https:\/\/www.lafrench-skischool.com\/?s={search_term_string}\"},\"query-input\":{\"@type\":\"PropertyValueSpecification\",\"valueRequired\":true,\"valueName\":\"search_term_string\"}}],\"inLanguage\":\"en-GB\"}]}<\/script>\n<!-- \/ Yoast SEO plugin. -->","yoast_head_json":{"title":"PARTENAIRES - LA FRENCH","description":"\u00c9cole de ski \u00e0 Courchevel : cours priv\u00e9s, moniteurs experts, service exclusif sur mesure. D\u00e9couvrez la French Ski School !","robots":{"index":"index","follow":"follow","max-snippet":"max-snippet:-1","max-image-preview":"max-image-preview:large","max-video-preview":"max-video-preview:-1"},"canonical":"https:\/\/www.lafrench-skischool.com\/en\/partenaires\/","og_locale":"en_GB","og_type":"article","og_title":"PARTENAIRES - LA FRENCH","og_description":"\u00c9cole de ski \u00e0 Courchevel : cours priv\u00e9s, moniteurs experts, service exclusif sur mesure. D\u00e9couvrez la French Ski School !","og_url":"https:\/\/www.lafrench-skischool.com\/en\/partenaires\/","og_site_name":"LA FRENCH","article_modified_time":"2025-05-24T14:18:58+00:00","og_image":[{"url":"https:\/\/www.lafrench-skischool.com\/wp-content\/uploads\/2023\/09\/latelier-courchevel.png","type":"","width":"","height":""}],"twitter_card":"summary_large_image","twitter_misc":{"Estimated reading time":"2 minutes"},"schema":{"@context":"https:\/\/schema.org","@graph":[{"@type":"WebPage","@id":"https:\/\/www.lafrench-skischool.com\/partenaires\/","url":"https:\/\/www.lafrench-skischool.com\/partenaires\/","name":"PARTENAIRES - LA FRENCH","isPartOf":{"@id":"https:\/\/www.lafrench-skischool.com\/#website"},"primaryImageOfPage":{"@id":"https:\/\/www.lafrench-skischool.com\/partenaires\/#primaryimage"},"image":{"@id":"https:\/\/www.lafrench-skischool.com\/partenaires\/#primaryimage"},"thumbnailUrl":"https:\/\/www.lafrench-skischool.com\/wp-content\/uploads\/2023\/09\/latelier-courchevel.png","datePublished":"2023-10-04T07:37:16+00:00","dateModified":"2025-05-24T14:18:58+00:00","description":"\u00c9cole de ski \u00e0 Courchevel : cours priv\u00e9s, moniteurs experts, service exclusif sur mesure. D\u00e9couvrez la French Ski School !","breadcrumb":{"@id":"https:\/\/www.lafrench-skischool.com\/partenaires\/#breadcrumb"},"inLanguage":"en-GB","potentialAction":[{"@type":"ReadAction","target":["https:\/\/www.lafrench-skischool.com\/partenaires\/"]}]},{"@type":"ImageObject","inLanguage":"en-GB","@id":"https:\/\/www.lafrench-skischool.com\/partenaires\/#primaryimage","url":"https:\/\/www.lafrench-skischool.com\/wp-content\/uploads\/2023\/09\/latelier-courchevel.png","contentUrl":"https:\/\/www.lafrench-skischool.com\/wp-content\/uploads\/2023\/09\/latelier-courchevel.png"},{"@type":"BreadcrumbList","@id":"https:\/\/www.lafrench-skischool.com\/partenaires\/#breadcrumb","itemListElement":[{"@type":"ListItem","position":1,"name":"Accueil","item":"https:\/\/www.lafrench-skischool.com\/"},{"@type":"ListItem","position":2,"name":"PARTENAIRES"}]},{"@type":"WebSite","@id":"https:\/\/www.lafrench-skischool.com\/#website","url":"https:\/\/www.lafrench-skischool.com\/","name":"LA FRENCH","description":"Ski School","potentialAction":[{"@type":"SearchAction","target":{"@type":"EntryPoint","urlTemplate":"https:\/\/www.lafrench-skischool.com\/?s={search_term_string}"},"query-input":{"@type":"PropertyValueSpecification","valueRequired":true,"valueName":"search_term_string"}}],"inLanguage":"en-GB"}]}},"_links":{"self":[{"href":"https:\/\/www.lafrench-skischool.com\/en\/wp-json\/wp\/v2\/pages\/5256","targetHints":{"allow":["GET"]}}],"collection":[{"href":"https:\/\/www.lafrench-skischool.com\/en\/wp-json\/wp\/v2\/pages"}],"about":[{"href":"https:\/\/www.lafrench-skischool.com\/en\/wp-json\/wp\/v2\/types\/page"}],"author":[{"embeddable":true,"href":"https:\/\/www.lafrench-skischool.com\/en\/wp-json\/wp\/v2\/users\/1"}],"replies":[{"embeddable":true,"href":"https:\/\/www.lafrench-skischool.com\/en\/wp-json\/wp\/v2\/comments?post=5256"}],"version-history":[{"count":38,"href":"https:\/\/www.lafrench-skischool.com\/en\/wp-json\/wp\/v2\/pages\/5256\/revisions"}],"predecessor-version":[{"id":5702,"href":"https:\/\/www.lafrench-skischool.com\/en\/wp-json\/wp\/v2\/pages\/5256\/revisions\/5702"}],"wp:attachment":[{"href":"https:\/\/www.lafrench-skischool.com\/en\/wp-json\/wp\/v2\/media?parent=5256"}],"curies":[{"name":"wp","href":"https:\/\/api.w.org\/{rel}","templated":true}]}}