{"id":4759,"date":"2023-09-27T14:51:12","date_gmt":"2023-09-27T14:51:12","guid":{"rendered":"https:\/\/www.lafrench-skischool.com\/?page_id=4759"},"modified":"2026-02-01T16:44:50","modified_gmt":"2026-02-01T16:44:50","slug":"tarifs","status":"publish","type":"page","link":"https:\/\/www.lafrench-skischool.com\/en\/tarifs\/","title":{"rendered":"PRICES"},"content":{"rendered":"<div data-elementor-type=\"wp-page\" data-elementor-id=\"4759\" class=\"elementor elementor-4759\">\n\t\t\t\t\t\t<section class=\"elementor-section elementor-top-section elementor-element elementor-element-3e45466 qodef-elementor-content-grid elementor-section-boxed elementor-section-height-default elementor-section-height-default\" data-id=\"3e45466\" data-element_type=\"section\" data-settings=\"{&quot;background_background&quot;:&quot;classic&quot;}\">\n\t\t\t\t\t\t<div class=\"elementor-container elementor-column-gap-default\">\n\t\t\t\t\t<div class=\"elementor-column elementor-col-50 elementor-top-column elementor-element elementor-element-d0e9bdf qodef-sticky-column--no\" data-id=\"d0e9bdf\" data-element_type=\"column\">\n\t\t\t<div class=\"elementor-widget-wrap elementor-element-populated\">\n\t\t\t\t\t\t<div class=\"elementor-element elementor-element-a3b1adc elementor-widget elementor-widget-heading\" data-id=\"a3b1adc\" data-element_type=\"widget\" data-widget_type=\"heading.default\">\n\t\t\t\t<div class=\"elementor-widget-container\">\n\t\t\t\t\t<h2 class=\"elementor-heading-title elementor-size-default\">Full Day<\/h2>\t\t\t\t<\/div>\n\t\t\t\t<\/div>\n\t\t\t\t\t<\/div>\n\t\t<\/div>\n\t\t\t\t<div class=\"elementor-column elementor-col-50 elementor-top-column elementor-element elementor-element-9e54e71 qodef-sticky-column--no\" data-id=\"9e54e71\" data-element_type=\"column\">\n\t\t\t<div class=\"elementor-widget-wrap elementor-element-populated\">\n\t\t\t\t\t\t<div class=\"elementor-element elementor-element-f1b9c6d elementor-widget elementor-widget-text-editor\" data-id=\"f1b9c6d\" data-element_type=\"widget\" data-widget_type=\"text-editor.default\">\n\t\t\t\t<div class=\"elementor-widget-container\">\n\t\t\t\t\t\t\t\t\t<p>FROM 700 \u20ac<\/p>\t\t\t\t\t\t\t\t<\/div>\n\t\t\t\t<\/div>\n\t\t\t\t\t<\/div>\n\t\t<\/div>\n\t\t\t\t\t<\/div>\n\t\t<\/section>\n\t\t\t\t<section class=\"elementor-section elementor-top-section elementor-element elementor-element-ede2d54 qodef-elementor-content-grid elementor-section-boxed elementor-section-height-default elementor-section-height-default\" data-id=\"ede2d54\" data-element_type=\"section\">\n\t\t\t\t\t\t<div class=\"elementor-container elementor-column-gap-default\">\n\t\t\t\t\t<div class=\"elementor-column elementor-col-50 elementor-top-column elementor-element elementor-element-ba7ac9f qodef-sticky-column--no\" data-id=\"ba7ac9f\" data-element_type=\"column\">\n\t\t\t<div class=\"elementor-widget-wrap elementor-element-populated\">\n\t\t\t\t\t\t<div class=\"elementor-element elementor-element-749d176 elementor-widget elementor-widget-heading\" data-id=\"749d176\" data-element_type=\"widget\" data-widget_type=\"heading.default\">\n\t\t\t\t<div class=\"elementor-widget-container\">\n\t\t\t\t\t<h2 class=\"elementor-heading-title elementor-size-default\">Morning<\/h2>\t\t\t\t<\/div>\n\t\t\t\t<\/div>\n\t\t\t\t<div class=\"elementor-element elementor-element-3bb8b0d elementor-widget elementor-widget-text-editor\" data-id=\"3bb8b0d\" data-element_type=\"widget\" data-widget_type=\"text-editor.default\">\n\t\t\t\t<div class=\"elementor-widget-container\">\n\t\t\t\t\t\t\t\t\t<p>9h30 &#8211; 12h30<\/p>\t\t\t\t\t\t\t\t<\/div>\n\t\t\t\t<\/div>\n\t\t\t\t\t<\/div>\n\t\t<\/div>\n\t\t\t\t<div class=\"elementor-column elementor-col-50 elementor-top-column elementor-element elementor-element-8e271e5 qodef-sticky-column--no\" data-id=\"8e271e5\" data-element_type=\"column\">\n\t\t\t<div class=\"elementor-widget-wrap elementor-element-populated\">\n\t\t\t\t\t\t<div class=\"elementor-element elementor-element-71d4621 elementor-widget elementor-widget-text-editor\" data-id=\"71d4621\" data-element_type=\"widget\" data-widget_type=\"text-editor.default\">\n\t\t\t\t<div class=\"elementor-widget-container\">\n\t\t\t\t\t\t\t\t\t<p>FROM 400 \u20ac<\/p>\t\t\t\t\t\t\t\t<\/div>\n\t\t\t\t<\/div>\n\t\t\t\t\t<\/div>\n\t\t<\/div>\n\t\t\t\t\t<\/div>\n\t\t<\/section>\n\t\t\t\t<section class=\"elementor-section elementor-top-section elementor-element elementor-element-3150919 qodef-elementor-content-grid elementor-section-boxed elementor-section-height-default elementor-section-height-default\" data-id=\"3150919\" data-element_type=\"section\" data-settings=\"{&quot;background_background&quot;:&quot;classic&quot;}\">\n\t\t\t\t\t\t<div class=\"elementor-container elementor-column-gap-default\">\n\t\t\t\t\t<div class=\"elementor-column elementor-col-50 elementor-top-column elementor-element elementor-element-c9afa4b qodef-sticky-column--no\" data-id=\"c9afa4b\" data-element_type=\"column\">\n\t\t\t<div class=\"elementor-widget-wrap elementor-element-populated\">\n\t\t\t\t\t\t<div class=\"elementor-element elementor-element-124b80a elementor-widget elementor-widget-heading\" data-id=\"124b80a\" data-element_type=\"widget\" data-widget_type=\"heading.default\">\n\t\t\t\t<div class=\"elementor-widget-container\">\n\t\t\t\t\t<h2 class=\"elementor-heading-title elementor-size-default\">Big Morning<\/h2>\t\t\t\t<\/div>\n\t\t\t\t<\/div>\n\t\t\t\t<div class=\"elementor-element elementor-element-6398dbb elementor-widget elementor-widget-text-editor\" data-id=\"6398dbb\" data-element_type=\"widget\" data-widget_type=\"text-editor.default\">\n\t\t\t\t<div class=\"elementor-widget-container\">\n\t\t\t\t\t\t\t\t\t<p>9h30 &#8211; 13h30<\/p>\t\t\t\t\t\t\t\t<\/div>\n\t\t\t\t<\/div>\n\t\t\t\t\t<\/div>\n\t\t<\/div>\n\t\t\t\t<div class=\"elementor-column elementor-col-50 elementor-top-column elementor-element elementor-element-bc71dea qodef-sticky-column--no\" data-id=\"bc71dea\" data-element_type=\"column\">\n\t\t\t<div class=\"elementor-widget-wrap elementor-element-populated\">\n\t\t\t\t\t\t<div class=\"elementor-element elementor-element-baa17a6 elementor-widget elementor-widget-text-editor\" data-id=\"baa17a6\" data-element_type=\"widget\" data-widget_type=\"text-editor.default\">\n\t\t\t\t<div class=\"elementor-widget-container\">\n\t\t\t\t\t\t\t\t\t<p>FROM 500 \u20ac<\/p>\t\t\t\t\t\t\t\t<\/div>\n\t\t\t\t<\/div>\n\t\t\t\t\t<\/div>\n\t\t<\/div>\n\t\t\t\t\t<\/div>\n\t\t<\/section>\n\t\t\t\t<section class=\"elementor-section elementor-top-section elementor-element elementor-element-9d30d0f qodef-elementor-content-grid elementor-section-boxed elementor-section-height-default elementor-section-height-default\" data-id=\"9d30d0f\" data-element_type=\"section\" data-settings=\"{&quot;background_background&quot;:&quot;classic&quot;}\">\n\t\t\t\t\t\t<div class=\"elementor-container elementor-column-gap-default\">\n\t\t\t\t\t<div class=\"elementor-column elementor-col-50 elementor-top-column elementor-element elementor-element-40f1743 qodef-sticky-column--no\" data-id=\"40f1743\" data-element_type=\"column\">\n\t\t\t<div class=\"elementor-widget-wrap elementor-element-populated\">\n\t\t\t\t\t\t<div class=\"elementor-element elementor-element-1e5b7c8 elementor-widget elementor-widget-heading\" data-id=\"1e5b7c8\" data-element_type=\"widget\" data-widget_type=\"heading.default\">\n\t\t\t\t<div class=\"elementor-widget-container\">\n\t\t\t\t\t<h2 class=\"elementor-heading-title elementor-size-default\">Afternoon<\/h2>\t\t\t\t<\/div>\n\t\t\t\t<\/div>\n\t\t\t\t<div class=\"elementor-element elementor-element-bdf17eb elementor-widget elementor-widget-text-editor\" data-id=\"bdf17eb\" data-element_type=\"widget\" data-widget_type=\"text-editor.default\">\n\t\t\t\t<div class=\"elementor-widget-container\">\n\t\t\t\t\t\t\t\t\t<p>13h30 &#8211; 16h30<\/p>\t\t\t\t\t\t\t\t<\/div>\n\t\t\t\t<\/div>\n\t\t\t\t\t<\/div>\n\t\t<\/div>\n\t\t\t\t<div class=\"elementor-column elementor-col-50 elementor-top-column elementor-element elementor-element-bae80e7 qodef-sticky-column--no\" data-id=\"bae80e7\" data-element_type=\"column\">\n\t\t\t<div class=\"elementor-widget-wrap elementor-element-populated\">\n\t\t\t\t\t\t<div class=\"elementor-element elementor-element-c829737 elementor-widget elementor-widget-text-editor\" data-id=\"c829737\" data-element_type=\"widget\" data-widget_type=\"text-editor.default\">\n\t\t\t\t<div class=\"elementor-widget-container\">\n\t\t\t\t\t\t\t\t\t<p>FROM 400 \u20ac<\/p>\t\t\t\t\t\t\t\t<\/div>\n\t\t\t\t<\/div>\n\t\t\t\t\t<\/div>\n\t\t<\/div>\n\t\t\t\t\t<\/div>\n\t\t<\/section>\n\t\t<div class=\"elementor-element elementor-element-25bfcbe e-flex e-con-boxed qodef-elementor-content-no e-con e-parent\" data-id=\"25bfcbe\" data-element_type=\"container\">\n\t\t\t\t\t<div class=\"e-con-inner\">\n\t\t\t\t<div class=\"elementor-element elementor-element-45b5d1a elementor-widget__width-auto animated-slow elementor-invisible elementor-widget elementor-widget-qi_addons_for_elementor_button\" data-id=\"45b5d1a\" data-element_type=\"widget\" data-settings=\"{&quot;_animation&quot;:&quot;fadeIn&quot;}\" data-widget_type=\"qi_addons_for_elementor_button.default\">\n\t\t\t\t<div class=\"elementor-widget-container\">\n\t\t\t\t\t<a class=\"qodef-shortcode qodef-m qodef-qi-button qodef-html--link qodef-layout--outlined qodef-type--standard qodef-icon--right qodef-hover--icon-move-horizontal-short\" href=\"https:\/\/www.lafrench-skischool.com\/en\/reserver-votre-seance\/\" target=\"_self\">\n\t<span class=\"qodef-m-text\">BOOK YOUR SESSION<\/span>\n\t<\/a>\n\t\t\t\t<\/div>\n\t\t\t\t<\/div>\n\t\t\t\t\t<\/div>\n\t\t\t\t<\/div>\n\t\t<div class=\"elementor-element elementor-element-86279ec e-flex e-con-boxed qodef-elementor-content-no e-con e-parent\" data-id=\"86279ec\" data-element_type=\"container\">\n\t\t\t\t\t<div class=\"e-con-inner\">\n\t\t\t\t<div class=\"elementor-element elementor-element-a186379 elementor-widget elementor-widget-image\" data-id=\"a186379\" data-element_type=\"widget\" data-widget_type=\"image.default\">\n\t\t\t\t<div class=\"elementor-widget-container\">\n\t\t\t\t\t\t\t\t\t\t\t\t\t\t\t<img fetchpriority=\"high\" decoding=\"async\" width=\"1024\" height=\"478\" src=\"https:\/\/www.lafrench-skischool.com\/wp-content\/uploads\/2023\/09\/lafrench-2-1024x478.png\" class=\"attachment-large size-large wp-image-4841\" alt=\"\" srcset=\"https:\/\/www.lafrench-skischool.com\/wp-content\/uploads\/2023\/09\/lafrench-2-1024x478.png 1024w, https:\/\/www.lafrench-skischool.com\/wp-content\/uploads\/2023\/09\/lafrench-2-300x140.png 300w, https:\/\/www.lafrench-skischool.com\/wp-content\/uploads\/2023\/09\/lafrench-2-768x359.png 768w, https:\/\/www.lafrench-skischool.com\/wp-content\/uploads\/2023\/09\/lafrench-2.png 1223w\" sizes=\"(max-width: 1024px) 100vw, 1024px\" \/>\t\t\t\t\t\t\t\t\t\t\t\t\t\t\t<\/div>\n\t\t\t\t<\/div>\n\t\t\t\t\t<\/div>\n\t\t\t\t<\/div>\n\t\t\t\t<\/div>","protected":false},"excerpt":{"rendered":"<p>Full Day FROM 700 \u20ac Morning 9h30 &#8211; 12h30 FROM 400 \u20ac Big Morning 9h30 &#8211; 13h30 FROM 500 \u20ac Afternoon 13h30 &#8211; 16h30 FROM 400 \u20ac R\u00c9SERVEZ VOTRE S\u00c9ANCE<\/p>","protected":false},"author":1,"featured_media":0,"parent":0,"menu_order":0,"comment_status":"closed","ping_status":"closed","template":"qi-full-width.php","meta":{"footnotes":""},"class_list":["post-4759","page","type-page","status-publish","hentry"],"yoast_head":"<!-- This site is optimized with the Yoast SEO plugin v25.1 - https:\/\/yoast.com\/wordpress\/plugins\/seo\/ -->\n<title>TARIFS - LA FRENCH<\/title>\n<meta name=\"description\" content=\"\u00c9cole de ski \u00e0 Courchevel : cours priv\u00e9s, moniteurs experts, service exclusif sur mesure. D\u00e9couvrez la French Ski School !\" \/>\n<meta name=\"robots\" content=\"index, follow, max-snippet:-1, max-image-preview:large, max-video-preview:-1\" \/>\n<link rel=\"canonical\" href=\"https:\/\/www.lafrench-skischool.com\/en\/tarifs\/\" \/>\n<meta property=\"og:locale\" content=\"en_GB\" \/>\n<meta property=\"og:type\" content=\"article\" \/>\n<meta property=\"og:title\" content=\"TARIFS - LA FRENCH\" \/>\n<meta property=\"og:description\" content=\"\u00c9cole de ski \u00e0 Courchevel : cours priv\u00e9s, moniteurs experts, service exclusif sur mesure. D\u00e9couvrez la French Ski School !\" \/>\n<meta property=\"og:url\" content=\"https:\/\/www.lafrench-skischool.com\/en\/tarifs\/\" \/>\n<meta property=\"og:site_name\" content=\"LA FRENCH\" \/>\n<meta property=\"article:modified_time\" content=\"2026-02-01T16:44:50+00:00\" \/>\n<meta property=\"og:image\" content=\"https:\/\/www.lafrench-skischool.com\/wp-content\/uploads\/2023\/09\/lafrench-2.png\" \/>\n\t<meta property=\"og:image:width\" content=\"1223\" \/>\n\t<meta property=\"og:image:height\" content=\"571\" \/>\n\t<meta property=\"og:image:type\" content=\"image\/png\" \/>\n<meta name=\"twitter:card\" content=\"summary_large_image\" \/>\n<meta name=\"twitter:label1\" content=\"Estimated reading time\" \/>\n\t<meta name=\"twitter:data1\" content=\"1 minute\" \/>\n<script type=\"application\/ld+json\" class=\"yoast-schema-graph\">{\"@context\":\"https:\/\/schema.org\",\"@graph\":[{\"@type\":\"WebPage\",\"@id\":\"https:\/\/www.lafrench-skischool.com\/tarifs\/\",\"url\":\"https:\/\/www.lafrench-skischool.com\/tarifs\/\",\"name\":\"TARIFS - LA FRENCH\",\"isPartOf\":{\"@id\":\"https:\/\/www.lafrench-skischool.com\/#website\"},\"primaryImageOfPage\":{\"@id\":\"https:\/\/www.lafrench-skischool.com\/tarifs\/#primaryimage\"},\"image\":{\"@id\":\"https:\/\/www.lafrench-skischool.com\/tarifs\/#primaryimage\"},\"thumbnailUrl\":\"https:\/\/www.lafrench-skischool.com\/wp-content\/uploads\/2023\/09\/lafrench-2-1024x478.png\",\"datePublished\":\"2023-09-27T14:51:12+00:00\",\"dateModified\":\"2026-02-01T16:44:50+00:00\",\"description\":\"\u00c9cole de ski \u00e0 Courchevel : cours priv\u00e9s, moniteurs experts, service exclusif sur mesure. D\u00e9couvrez la French Ski School !\",\"breadcrumb\":{\"@id\":\"https:\/\/www.lafrench-skischool.com\/tarifs\/#breadcrumb\"},\"inLanguage\":\"en-GB\",\"potentialAction\":[{\"@type\":\"ReadAction\",\"target\":[\"https:\/\/www.lafrench-skischool.com\/tarifs\/\"]}]},{\"@type\":\"ImageObject\",\"inLanguage\":\"en-GB\",\"@id\":\"https:\/\/www.lafrench-skischool.com\/tarifs\/#primaryimage\",\"url\":\"https:\/\/www.lafrench-skischool.com\/wp-content\/uploads\/2023\/09\/lafrench-2-1024x478.png\",\"contentUrl\":\"https:\/\/www.lafrench-skischool.com\/wp-content\/uploads\/2023\/09\/lafrench-2-1024x478.png\"},{\"@type\":\"BreadcrumbList\",\"@id\":\"https:\/\/www.lafrench-skischool.com\/tarifs\/#breadcrumb\",\"itemListElement\":[{\"@type\":\"ListItem\",\"position\":1,\"name\":\"Accueil\",\"item\":\"https:\/\/www.lafrench-skischool.com\/\"},{\"@type\":\"ListItem\",\"position\":2,\"name\":\"TARIFS\"}]},{\"@type\":\"WebSite\",\"@id\":\"https:\/\/www.lafrench-skischool.com\/#website\",\"url\":\"https:\/\/www.lafrench-skischool.com\/\",\"name\":\"LA FRENCH\",\"description\":\"Ski School\",\"potentialAction\":[{\"@type\":\"SearchAction\",\"target\":{\"@type\":\"EntryPoint\",\"urlTemplate\":\"https:\/\/www.lafrench-skischool.com\/?s={search_term_string}\"},\"query-input\":{\"@type\":\"PropertyValueSpecification\",\"valueRequired\":true,\"valueName\":\"search_term_string\"}}],\"inLanguage\":\"en-GB\"}]}<\/script>\n<!-- \/ Yoast SEO plugin. -->","yoast_head_json":{"title":"TARIFS - LA FRENCH","description":"\u00c9cole de ski \u00e0 Courchevel : cours priv\u00e9s, moniteurs experts, service exclusif sur mesure. D\u00e9couvrez la French Ski School !","robots":{"index":"index","follow":"follow","max-snippet":"max-snippet:-1","max-image-preview":"max-image-preview:large","max-video-preview":"max-video-preview:-1"},"canonical":"https:\/\/www.lafrench-skischool.com\/en\/tarifs\/","og_locale":"en_GB","og_type":"article","og_title":"TARIFS - LA FRENCH","og_description":"\u00c9cole de ski \u00e0 Courchevel : cours priv\u00e9s, moniteurs experts, service exclusif sur mesure. D\u00e9couvrez la French Ski School !","og_url":"https:\/\/www.lafrench-skischool.com\/en\/tarifs\/","og_site_name":"LA FRENCH","article_modified_time":"2026-02-01T16:44:50+00:00","og_image":[{"width":1223,"height":571,"url":"https:\/\/www.lafrench-skischool.com\/wp-content\/uploads\/2023\/09\/lafrench-2.png","type":"image\/png"}],"twitter_card":"summary_large_image","twitter_misc":{"Estimated reading time":"1 minute"},"schema":{"@context":"https:\/\/schema.org","@graph":[{"@type":"WebPage","@id":"https:\/\/www.lafrench-skischool.com\/tarifs\/","url":"https:\/\/www.lafrench-skischool.com\/tarifs\/","name":"TARIFS - LA FRENCH","isPartOf":{"@id":"https:\/\/www.lafrench-skischool.com\/#website"},"primaryImageOfPage":{"@id":"https:\/\/www.lafrench-skischool.com\/tarifs\/#primaryimage"},"image":{"@id":"https:\/\/www.lafrench-skischool.com\/tarifs\/#primaryimage"},"thumbnailUrl":"https:\/\/www.lafrench-skischool.com\/wp-content\/uploads\/2023\/09\/lafrench-2-1024x478.png","datePublished":"2023-09-27T14:51:12+00:00","dateModified":"2026-02-01T16:44:50+00:00","description":"\u00c9cole de ski \u00e0 Courchevel : cours priv\u00e9s, moniteurs experts, service exclusif sur mesure. D\u00e9couvrez la French Ski School !","breadcrumb":{"@id":"https:\/\/www.lafrench-skischool.com\/tarifs\/#breadcrumb"},"inLanguage":"en-GB","potentialAction":[{"@type":"ReadAction","target":["https:\/\/www.lafrench-skischool.com\/tarifs\/"]}]},{"@type":"ImageObject","inLanguage":"en-GB","@id":"https:\/\/www.lafrench-skischool.com\/tarifs\/#primaryimage","url":"https:\/\/www.lafrench-skischool.com\/wp-content\/uploads\/2023\/09\/lafrench-2-1024x478.png","contentUrl":"https:\/\/www.lafrench-skischool.com\/wp-content\/uploads\/2023\/09\/lafrench-2-1024x478.png"},{"@type":"BreadcrumbList","@id":"https:\/\/www.lafrench-skischool.com\/tarifs\/#breadcrumb","itemListElement":[{"@type":"ListItem","position":1,"name":"Accueil","item":"https:\/\/www.lafrench-skischool.com\/"},{"@type":"ListItem","position":2,"name":"TARIFS"}]},{"@type":"WebSite","@id":"https:\/\/www.lafrench-skischool.com\/#website","url":"https:\/\/www.lafrench-skischool.com\/","name":"LA FRENCH","description":"Ski School","potentialAction":[{"@type":"SearchAction","target":{"@type":"EntryPoint","urlTemplate":"https:\/\/www.lafrench-skischool.com\/?s={search_term_string}"},"query-input":{"@type":"PropertyValueSpecification","valueRequired":true,"valueName":"search_term_string"}}],"inLanguage":"en-GB"}]}},"_links":{"self":[{"href":"https:\/\/www.lafrench-skischool.com\/en\/wp-json\/wp\/v2\/pages\/4759","targetHints":{"allow":["GET"]}}],"collection":[{"href":"https:\/\/www.lafrench-skischool.com\/en\/wp-json\/wp\/v2\/pages"}],"about":[{"href":"https:\/\/www.lafrench-skischool.com\/en\/wp-json\/wp\/v2\/types\/page"}],"author":[{"embeddable":true,"href":"https:\/\/www.lafrench-skischool.com\/en\/wp-json\/wp\/v2\/users\/1"}],"replies":[{"embeddable":true,"href":"https:\/\/www.lafrench-skischool.com\/en\/wp-json\/wp\/v2\/comments?post=4759"}],"version-history":[{"count":100,"href":"https:\/\/www.lafrench-skischool.com\/en\/wp-json\/wp\/v2\/pages\/4759\/revisions"}],"predecessor-version":[{"id":6248,"href":"https:\/\/www.lafrench-skischool.com\/en\/wp-json\/wp\/v2\/pages\/4759\/revisions\/6248"}],"wp:attachment":[{"href":"https:\/\/www.lafrench-skischool.com\/en\/wp-json\/wp\/v2\/media?parent=4759"}],"curies":[{"name":"wp","href":"https:\/\/api.w.org\/{rel}","templated":true}]}}