{"id":317,"date":"2021-09-03T08:57:35","date_gmt":"2021-09-03T08:57:35","guid":{"rendered":"https:\/\/qi102.qodeinteractive.com\/?page_id=317"},"modified":"2025-06-02T11:23:32","modified_gmt":"2025-06-02T11:23:32","slug":"cours","status":"publish","type":"page","link":"https:\/\/www.lafrench-skischool.com\/en\/cours\/","title":{"rendered":"LESSONS"},"content":{"rendered":"<div data-elementor-type=\"wp-page\" data-elementor-id=\"317\" class=\"elementor elementor-317\">\n\t\t\t\t\t\t<section class=\"elementor-section elementor-top-section elementor-element elementor-element-a2ce4bb elementor-section-full_width elementor-section-height-default elementor-section-height-default qodef-elementor-content-no\" data-id=\"a2ce4bb\" data-element_type=\"section\" data-settings=\"{&quot;background_background&quot;:&quot;classic&quot;}\">\n\t\t\t\t\t\t<div class=\"elementor-container elementor-column-gap-no\">\n\t\t\t\t\t<div class=\"elementor-column elementor-col-100 elementor-top-column elementor-element elementor-element-bac0e3c qodef-sticky-column--no\" data-id=\"bac0e3c\" data-element_type=\"column\">\n\t\t\t<div class=\"elementor-widget-wrap elementor-element-populated\">\n\t\t\t\t\t\t<div class=\"elementor-element elementor-element-b6000d5 elementor-widget elementor-widget-qi_addons_for_elementor_premium_divided_slider_diverge\" data-id=\"b6000d5\" data-element_type=\"widget\" data-widget_type=\"qi_addons_for_elementor_premium_divided_slider_diverge.default\">\n\t\t\t\t<div class=\"elementor-widget-container\">\n\t\t\t\t\t<div class=\"qodef-shortcode qodef-m qodef-qi-divided-slider-diverge qodef-m qodef-disable-below--1024 qodef-text-bottom--yes\">\n\t<div class=\"ms-left\">\n\t\t<div class=\"qodef-m-slide-image ms-section ms-table\"  style=\"background-image: url(https:\/\/www.lafrench-skischool.com\/wp-content\/uploads\/2023\/09\/Groupe-15.jpg);background-color: #EDEAE8\"><\/div>\n\t\t<div class=\"qodef-m-slide-image ms-section ms-table\"  style=\"background-image: url(https:\/\/www.lafrench-skischool.com\/wp-content\/uploads\/2023\/09\/cours-3-lafrench-1.jpg);background-color: #EDEAE8\"><\/div>\n\t\t<div class=\"qodef-m-slide-image ms-section ms-table\"  style=\"background-image: url(https:\/\/www.lafrench-skischool.com\/wp-content\/uploads\/2023\/09\/cours-4-lafrench.jpg);background-color: #EDEAE8\"><\/div>\n\t\t\t<\/div><!-- .ms-left -->\n\t<div class=\"ms-right\">\n\t\t\t\t\t\t<div class=\"qodef-m-slide-content ms-section ms-table\">\n\t\t\t\t\t\t<h1 class=\"qodef-m-title\">\n\t\tBeginners' lessons\t<\/h1>\n<div class=\"qodef-m-button-holder\">\n\t<div class=\"qodef-shortcode qodef-m qodef-qi-premium-button qodef-layout--svg qodef-svg--full qodef-hover--gradient-horizontal qodef-hover--svg-scale\" href=\"https:\/\/www.lafrench-skischool.com\/tarifs\/\" target=\"_self\">\t<a class=\"qodef-m-link qodef-html--link\" href=\"https:\/\/www.lafrench-skischool.com\/en\/tarifs\/\" target=\"_self\">\t\t<span class=\"qodef-m-text\">PRICES<\/span>\t\t<span class=\"qodef-m-svg\">\t<svg xmlns=\"http:\/\/www.w3.org\/2000\/svg\" width=\"212\" height=\"52\" viewbox=\"0 0 212 52\"><g id=\"Rectangle_3\" data-name=\"Rectangle 3\" fill=\"none\" stroke=\"#edeae8\" stroke-width=\"1\"><rect width=\"212\" height=\"52\" stroke=\"none\"><\/rect><rect x=\"0.5\" y=\"0.5\" width=\"211\" height=\"51\" fill=\"none\"><\/rect><\/g><\/svg><\/span>\t<\/a><\/div><\/div>\n\t<p class=\"qodef-m-content-text\">The beginners' course is the ideal introduction to the world of skiing. The emphasis is on learning the basics: mastering the glide, controlling turns and safety. Guided by our experienced instructors, you'll discover the joys of the mountains with complete confidence and enjoy your first runs on the snowy slopes.<\/p>\n\t\t\t\t<\/div>\n\t\t\t\t\t\t\t\t\t<div class=\"qodef-m-slide-content ms-section ms-table\">\n\t\t\t\t\t\t<h1 class=\"qodef-m-title\">\n\t\tPrivate lessons\t<\/h1>\n<div class=\"qodef-m-button-holder\">\n\t<div class=\"qodef-shortcode qodef-m qodef-qi-premium-button qodef-layout--svg qodef-svg--full qodef-hover--gradient-horizontal qodef-hover--svg-scale\" href=\"https:\/\/www.lafrench-skischool.com\/tarifs\/\" target=\"_self\">\t<a class=\"qodef-m-link qodef-html--link\" href=\"https:\/\/www.lafrench-skischool.com\/en\/tarifs\/\" target=\"_self\">\t\t<span class=\"qodef-m-text\">PRICES<\/span>\t\t<span class=\"qodef-m-svg\">\t<svg xmlns=\"http:\/\/www.w3.org\/2000\/svg\" width=\"212\" height=\"52\" viewbox=\"0 0 212 52\"><g id=\"Rectangle_3\" data-name=\"Rectangle 3\" fill=\"none\" stroke=\"#edeae8\" stroke-width=\"1\"><rect width=\"212\" height=\"52\" stroke=\"none\"><\/rect><rect x=\"0.5\" y=\"0.5\" width=\"211\" height=\"51\" fill=\"none\"><\/rect><\/g><\/svg><\/span>\t<\/a><\/div><\/div>\n\t<p class=\"qodef-m-content-text\">Our private lessons offer you a fully personalised experience, with an instructor dedicated to your goals and pace. Whether you're a novice or an experienced skier, you choose which skills to develop and benefit from exclusive coaching to perfect your technique. Explore the mountains to your heart's content, in complete freedom.<\/p>\n\t\t\t\t<\/div>\n\t\t\t\t\t\t\t\t\t<div class=\"qodef-m-slide-content ms-section ms-table\">\n\t\t\t\t\t\t<h1 class=\"qodef-m-title\">\n\t\tSpecial requests\t<\/h1>\n<div class=\"qodef-m-button-holder\">\n\t<div class=\"qodef-shortcode qodef-m qodef-qi-premium-button qodef-layout--svg qodef-svg--full qodef-hover--gradient-horizontal qodef-hover--svg-scale\" href=\"https:\/\/www.lafrench-skischool.com\/tarifs\/\" target=\"_self\">\t<a class=\"qodef-m-link qodef-html--link\" href=\"https:\/\/www.lafrench-skischool.com\/en\/tarifs\/\" target=\"_self\">\t\t<span class=\"qodef-m-text\">PRICES<\/span>\t\t<span class=\"qodef-m-svg\">\t<svg xmlns=\"http:\/\/www.w3.org\/2000\/svg\" width=\"212\" height=\"52\" viewbox=\"0 0 212 52\"><g id=\"Rectangle_3\" data-name=\"Rectangle 3\" fill=\"none\" stroke=\"#edeae8\" stroke-width=\"1\"><rect width=\"212\" height=\"52\" stroke=\"none\"><\/rect><rect x=\"0.5\" y=\"0.5\" width=\"211\" height=\"51\" fill=\"none\"><\/rect><\/g><\/svg><\/span>\t<\/a><\/div><\/div>\n\t<p class=\"qodef-m-content-text\">If you have any special requests, such as group outings, heliskiing or other exclusive experiences, please do not hesitate to contact us by e-mail.<br \/>\nOur dedicated team will be delighted to talk to you to create a customised experience tailored to your needs, and to answer any questions you may have.<\/p>\n\t\t\t\t<\/div>\n\t\t\t\t\t\t<\/div><!-- .ms-right -->\n\t<div class=\"qodef-m-nav\">\n\t<div class=\"qodef-e-nav-arrow qodef--prev\">\n\t\t<svg xmlns=\"http:\/\/www.w3.org\/2000\/svg\" width=\"34.728\" height=\"23.939\" viewbox=\"0 0 34.728 23.939\"><path id=\"Trac&#xE9;_7\" data-name=\"Trac&#xE9; 7\" d=\"M762.242,3212.1l22.8,16.963-22.8,16.963\" transform=\"translate(-3211.697 785.883) rotate(-90)\" fill=\"none\" stroke=\"#edeae8\" stroke-width=\"1\"><\/path><\/svg>\t<\/div>\n\t<div class=\"qodef-m-counter\">\n\t\t<span class=\"qodef-m-current\"><\/span> \/ <span class=\"qodef-m-max\"><\/span>\n\t<\/div>\n\t<div class=\"qodef-e-nav-arrow qodef--next\">\n\t\t<svg xmlns=\"http:\/\/www.w3.org\/2000\/svg\" width=\"34.728\" height=\"23.939\" viewbox=\"0 0 34.728 23.939\"><path id=\"Trac&#xE9;_1\" data-name=\"Trac&#xE9; 1\" d=\"M762.242,3212.1l22.8,16.963-22.8,16.963\" transform=\"translate(3246.424 -761.944) rotate(90)\" fill=\"none\" stroke=\"#edeae8\" stroke-width=\"1\"><\/path><\/svg>\t<\/div>\n<\/div>\n<\/div>\n<div class=\"qodef-qi-divided-slider-diverge-responsive qodef-m\">\n\t\t\t<div class=\"qodef-m-slide-image\"  style=\"background-image: url(https:\/\/www.lafrench-skischool.com\/wp-content\/uploads\/2023\/09\/Groupe-15.jpg);background-color: #EDEAE8\"><\/div>\n\t\t<div class=\"qodef-m-slide-content\">\n\t\t\t\t<h1 class=\"qodef-m-title\">\n\t\tBeginners' lessons\t<\/h1>\n\t<p class=\"qodef-m-content-text\">The beginners' course is the ideal introduction to the world of skiing. The emphasis is on learning the basics: mastering the glide, controlling turns and safety. Guided by our experienced instructors, you'll discover the joys of the mountains with complete confidence and enjoy your first runs on the snowy slopes.<\/p>\n<div class=\"qodef-m-button-holder\">\n\t<div class=\"qodef-shortcode qodef-m qodef-qi-premium-button qodef-layout--svg qodef-svg--full qodef-hover--gradient-horizontal qodef-hover--svg-scale\" href=\"https:\/\/www.lafrench-skischool.com\/tarifs\/\" target=\"_self\">\t<a class=\"qodef-m-link qodef-html--link\" href=\"https:\/\/www.lafrench-skischool.com\/en\/tarifs\/\" target=\"_self\">\t\t<span class=\"qodef-m-text\">PRICES<\/span>\t\t<span class=\"qodef-m-svg\">\t<svg xmlns=\"http:\/\/www.w3.org\/2000\/svg\" width=\"212\" height=\"52\" viewbox=\"0 0 212 52\"><g id=\"Rectangle_3\" data-name=\"Rectangle 3\" fill=\"none\" stroke=\"#edeae8\" stroke-width=\"1\"><rect width=\"212\" height=\"52\" stroke=\"none\"><\/rect><rect x=\"0.5\" y=\"0.5\" width=\"211\" height=\"51\" fill=\"none\"><\/rect><\/g><\/svg><\/span>\t<\/a><\/div><\/div>\n\t\t<\/div>\n\t\t\t<div class=\"qodef-m-slide-image\"  style=\"background-image: url(https:\/\/www.lafrench-skischool.com\/wp-content\/uploads\/2023\/09\/cours-3-lafrench-1.jpg);background-color: #EDEAE8\"><\/div>\n\t\t<div class=\"qodef-m-slide-content\">\n\t\t\t\t<h1 class=\"qodef-m-title\">\n\t\tPrivate lessons\t<\/h1>\n\t<p class=\"qodef-m-content-text\">Our private lessons offer you a fully personalised experience, with an instructor dedicated to your goals and pace. Whether you're a novice or an experienced skier, you choose which skills to develop and benefit from exclusive coaching to perfect your technique. Explore the mountains to your heart's content, in complete freedom.<\/p>\n<div class=\"qodef-m-button-holder\">\n\t<div class=\"qodef-shortcode qodef-m qodef-qi-premium-button qodef-layout--svg qodef-svg--full qodef-hover--gradient-horizontal qodef-hover--svg-scale\" href=\"https:\/\/www.lafrench-skischool.com\/tarifs\/\" target=\"_self\">\t<a class=\"qodef-m-link qodef-html--link\" href=\"https:\/\/www.lafrench-skischool.com\/en\/tarifs\/\" target=\"_self\">\t\t<span class=\"qodef-m-text\">PRICES<\/span>\t\t<span class=\"qodef-m-svg\">\t<svg xmlns=\"http:\/\/www.w3.org\/2000\/svg\" width=\"212\" height=\"52\" viewbox=\"0 0 212 52\"><g id=\"Rectangle_3\" data-name=\"Rectangle 3\" fill=\"none\" stroke=\"#edeae8\" stroke-width=\"1\"><rect width=\"212\" height=\"52\" stroke=\"none\"><\/rect><rect x=\"0.5\" y=\"0.5\" width=\"211\" height=\"51\" fill=\"none\"><\/rect><\/g><\/svg><\/span>\t<\/a><\/div><\/div>\n\t\t<\/div>\n\t\t\t<div class=\"qodef-m-slide-image\"  style=\"background-image: url(https:\/\/www.lafrench-skischool.com\/wp-content\/uploads\/2023\/09\/cours-4-lafrench.jpg);background-color: #EDEAE8\"><\/div>\n\t\t<div class=\"qodef-m-slide-content\">\n\t\t\t\t<h1 class=\"qodef-m-title\">\n\t\tSpecial requests\t<\/h1>\n\t<p class=\"qodef-m-content-text\">If you have any special requests, such as group outings, heliskiing or other exclusive experiences, please do not hesitate to contact us by e-mail.<br \/>\nOur dedicated team will be delighted to talk to you to create a customised experience tailored to your needs, and to answer any questions you may have.<\/p>\n<div class=\"qodef-m-button-holder\">\n\t<div class=\"qodef-shortcode qodef-m qodef-qi-premium-button qodef-layout--svg qodef-svg--full qodef-hover--gradient-horizontal qodef-hover--svg-scale\" href=\"https:\/\/www.lafrench-skischool.com\/tarifs\/\" target=\"_self\">\t<a class=\"qodef-m-link qodef-html--link\" href=\"https:\/\/www.lafrench-skischool.com\/en\/tarifs\/\" target=\"_self\">\t\t<span class=\"qodef-m-text\">PRICES<\/span>\t\t<span class=\"qodef-m-svg\">\t<svg xmlns=\"http:\/\/www.w3.org\/2000\/svg\" width=\"212\" height=\"52\" viewbox=\"0 0 212 52\"><g id=\"Rectangle_3\" data-name=\"Rectangle 3\" fill=\"none\" stroke=\"#edeae8\" stroke-width=\"1\"><rect width=\"212\" height=\"52\" stroke=\"none\"><\/rect><rect x=\"0.5\" y=\"0.5\" width=\"211\" height=\"51\" fill=\"none\"><\/rect><\/g><\/svg><\/span>\t<\/a><\/div><\/div>\n\t\t<\/div>\n\t<\/div>\n\t\t\t\t<\/div>\n\t\t\t\t<\/div>\n\t\t\t\t\t<\/div>\n\t\t<\/div>\n\t\t\t\t\t<\/div>\n\t\t<\/section>\n\t\t\t\t<\/div>","protected":false},"excerpt":{"rendered":"<p>Cours pour d\u00e9butants INFOS &amp; TARIFS Le cours pour d\u00e9butants est la porte d\u2019entr\u00e9e id\u00e9ale vers l\u2019univers du ski. Nous mettons l\u2019accent sur l\u2019apprentissage des fondamentaux : ma\u00eetrise de la glisse, contr\u00f4le des virages et s\u00e9curit\u00e9. Guid\u00e9 par nos moniteurs exp\u00e9riment\u00e9s, vous d\u00e9couvrirez en toute s\u00e9r\u00e9nit\u00e9 les joies de la montagne et profiterez pleinement de [&hellip;]<\/p>","protected":false},"author":1,"featured_media":0,"parent":0,"menu_order":0,"comment_status":"closed","ping_status":"closed","template":"qi-full-width.php","meta":{"footnotes":""},"class_list":["post-317","page","type-page","status-publish","hentry"],"yoast_head":"<!-- This site is optimized with the Yoast SEO plugin v25.1 - https:\/\/yoast.com\/wordpress\/plugins\/seo\/ -->\n<title>COURS - LA FRENCH<\/title>\n<meta name=\"description\" content=\"\u00c9cole de ski \u00e0 Courchevel : cours priv\u00e9s, moniteurs experts, service exclusif sur mesure. D\u00e9couvrez la French Ski School !\" \/>\n<meta name=\"robots\" content=\"index, follow, max-snippet:-1, max-image-preview:large, max-video-preview:-1\" \/>\n<link rel=\"canonical\" href=\"https:\/\/www.lafrench-skischool.com\/en\/cours\/\" \/>\n<meta property=\"og:locale\" content=\"en_GB\" \/>\n<meta property=\"og:type\" content=\"article\" \/>\n<meta property=\"og:title\" content=\"COURS - LA FRENCH\" \/>\n<meta property=\"og:description\" content=\"\u00c9cole de ski \u00e0 Courchevel : cours priv\u00e9s, moniteurs experts, service exclusif sur mesure. D\u00e9couvrez la French Ski School !\" \/>\n<meta property=\"og:url\" content=\"https:\/\/www.lafrench-skischool.com\/en\/cours\/\" \/>\n<meta property=\"og:site_name\" content=\"LA FRENCH\" \/>\n<meta property=\"article:modified_time\" content=\"2025-06-02T11:23:32+00:00\" \/>\n<meta name=\"twitter:card\" content=\"summary_large_image\" \/>\n<meta name=\"twitter:label1\" content=\"Estimated reading time\" \/>\n\t<meta name=\"twitter:data1\" content=\"2 minutes\" \/>\n<script type=\"application\/ld+json\" class=\"yoast-schema-graph\">{\"@context\":\"https:\/\/schema.org\",\"@graph\":[{\"@type\":\"WebPage\",\"@id\":\"https:\/\/www.lafrench-skischool.com\/cours\/\",\"url\":\"https:\/\/www.lafrench-skischool.com\/cours\/\",\"name\":\"COURS - LA FRENCH\",\"isPartOf\":{\"@id\":\"https:\/\/www.lafrench-skischool.com\/#website\"},\"datePublished\":\"2021-09-03T08:57:35+00:00\",\"dateModified\":\"2025-06-02T11:23:32+00:00\",\"description\":\"\u00c9cole de ski \u00e0 Courchevel : cours priv\u00e9s, moniteurs experts, service exclusif sur mesure. D\u00e9couvrez la French Ski School !\",\"breadcrumb\":{\"@id\":\"https:\/\/www.lafrench-skischool.com\/cours\/#breadcrumb\"},\"inLanguage\":\"en-GB\",\"potentialAction\":[{\"@type\":\"ReadAction\",\"target\":[\"https:\/\/www.lafrench-skischool.com\/cours\/\"]}]},{\"@type\":\"BreadcrumbList\",\"@id\":\"https:\/\/www.lafrench-skischool.com\/cours\/#breadcrumb\",\"itemListElement\":[{\"@type\":\"ListItem\",\"position\":1,\"name\":\"Accueil\",\"item\":\"https:\/\/www.lafrench-skischool.com\/\"},{\"@type\":\"ListItem\",\"position\":2,\"name\":\"COURS\"}]},{\"@type\":\"WebSite\",\"@id\":\"https:\/\/www.lafrench-skischool.com\/#website\",\"url\":\"https:\/\/www.lafrench-skischool.com\/\",\"name\":\"LA FRENCH\",\"description\":\"Ski School\",\"potentialAction\":[{\"@type\":\"SearchAction\",\"target\":{\"@type\":\"EntryPoint\",\"urlTemplate\":\"https:\/\/www.lafrench-skischool.com\/?s={search_term_string}\"},\"query-input\":{\"@type\":\"PropertyValueSpecification\",\"valueRequired\":true,\"valueName\":\"search_term_string\"}}],\"inLanguage\":\"en-GB\"}]}<\/script>\n<!-- \/ Yoast SEO plugin. -->","yoast_head_json":{"title":"COURS - LA FRENCH","description":"\u00c9cole de ski \u00e0 Courchevel : cours priv\u00e9s, moniteurs experts, service exclusif sur mesure. D\u00e9couvrez la French Ski School !","robots":{"index":"index","follow":"follow","max-snippet":"max-snippet:-1","max-image-preview":"max-image-preview:large","max-video-preview":"max-video-preview:-1"},"canonical":"https:\/\/www.lafrench-skischool.com\/en\/cours\/","og_locale":"en_GB","og_type":"article","og_title":"COURS - LA FRENCH","og_description":"\u00c9cole de ski \u00e0 Courchevel : cours priv\u00e9s, moniteurs experts, service exclusif sur mesure. D\u00e9couvrez la French Ski School !","og_url":"https:\/\/www.lafrench-skischool.com\/en\/cours\/","og_site_name":"LA FRENCH","article_modified_time":"2025-06-02T11:23:32+00:00","twitter_card":"summary_large_image","twitter_misc":{"Estimated reading time":"2 minutes"},"schema":{"@context":"https:\/\/schema.org","@graph":[{"@type":"WebPage","@id":"https:\/\/www.lafrench-skischool.com\/cours\/","url":"https:\/\/www.lafrench-skischool.com\/cours\/","name":"COURS - LA FRENCH","isPartOf":{"@id":"https:\/\/www.lafrench-skischool.com\/#website"},"datePublished":"2021-09-03T08:57:35+00:00","dateModified":"2025-06-02T11:23:32+00:00","description":"\u00c9cole de ski \u00e0 Courchevel : cours priv\u00e9s, moniteurs experts, service exclusif sur mesure. D\u00e9couvrez la French Ski School !","breadcrumb":{"@id":"https:\/\/www.lafrench-skischool.com\/cours\/#breadcrumb"},"inLanguage":"en-GB","potentialAction":[{"@type":"ReadAction","target":["https:\/\/www.lafrench-skischool.com\/cours\/"]}]},{"@type":"BreadcrumbList","@id":"https:\/\/www.lafrench-skischool.com\/cours\/#breadcrumb","itemListElement":[{"@type":"ListItem","position":1,"name":"Accueil","item":"https:\/\/www.lafrench-skischool.com\/"},{"@type":"ListItem","position":2,"name":"COURS"}]},{"@type":"WebSite","@id":"https:\/\/www.lafrench-skischool.com\/#website","url":"https:\/\/www.lafrench-skischool.com\/","name":"LA FRENCH","description":"Ski School","potentialAction":[{"@type":"SearchAction","target":{"@type":"EntryPoint","urlTemplate":"https:\/\/www.lafrench-skischool.com\/?s={search_term_string}"},"query-input":{"@type":"PropertyValueSpecification","valueRequired":true,"valueName":"search_term_string"}}],"inLanguage":"en-GB"}]}},"_links":{"self":[{"href":"https:\/\/www.lafrench-skischool.com\/en\/wp-json\/wp\/v2\/pages\/317","targetHints":{"allow":["GET"]}}],"collection":[{"href":"https:\/\/www.lafrench-skischool.com\/en\/wp-json\/wp\/v2\/pages"}],"about":[{"href":"https:\/\/www.lafrench-skischool.com\/en\/wp-json\/wp\/v2\/types\/page"}],"author":[{"embeddable":true,"href":"https:\/\/www.lafrench-skischool.com\/en\/wp-json\/wp\/v2\/users\/1"}],"replies":[{"embeddable":true,"href":"https:\/\/www.lafrench-skischool.com\/en\/wp-json\/wp\/v2\/comments?post=317"}],"version-history":[{"count":140,"href":"https:\/\/www.lafrench-skischool.com\/en\/wp-json\/wp\/v2\/pages\/317\/revisions"}],"predecessor-version":[{"id":6180,"href":"https:\/\/www.lafrench-skischool.com\/en\/wp-json\/wp\/v2\/pages\/317\/revisions\/6180"}],"wp:attachment":[{"href":"https:\/\/www.lafrench-skischool.com\/en\/wp-json\/wp\/v2\/media?parent=317"}],"curies":[{"name":"wp","href":"https:\/\/api.w.org\/{rel}","templated":true}]}}